{"id":1837,"date":"2025-12-17T18:50:53","date_gmt":"2025-12-17T18:50:53","guid":{"rendered":"https:\/\/jomtel.com\/Axon\/?page_id=1837"},"modified":"2025-12-18T01:02:48","modified_gmt":"2025-12-18T01:02:48","slug":"taser-7","status":"publish","type":"page","link":"https:\/\/jomtel.com\/Axon\/taser-7\/","title":{"rendered":"TASER 7"},"content":{"rendered":"\t\t<div data-elementor-type=\"wp-page\" data-elementor-id=\"1837\" class=\"elementor elementor-1837\">\n\t\t\t\t\t\t<section class=\"elementor-section elementor-top-section elementor-element elementor-element-7f83633c elementor-section-full_width elementor-section-height-default elementor-section-height-default\" data-id=\"7f83633c\" data-element_type=\"section\">\n\t\t\t\t\t\t<div class=\"elementor-container elementor-column-gap-no\">\n\t\t\t\t\t<div class=\"elementor-column elementor-col-100 elementor-top-column elementor-element elementor-element-2ccfe7d4\" data-id=\"2ccfe7d4\" data-element_type=\"column\">\n\t\t\t<div class=\"elementor-widget-wrap elementor-element-populated\">\n\t\t\t\t\t\t<div class=\"elementor-element elementor-element-a985a1f elementor-widget elementor-widget-nisoz-header\" data-id=\"a985a1f\" data-element_type=\"widget\" data-widget_type=\"nisoz-header.default\">\n\t\t\t\t<div class=\"elementor-widget-container\">\n\t\t\t\t\t\r\n\t<section class=\"topbar\">\r\n\t\t<div class=\"container-fluid\">\r\n\t\t\t<div class=\"topbar__wrapper\">\r\n\t\t\t\t<ul class=\"list-unstyled topbar__list\">\r\n\t\t\t\t\t\t\t\t\t\t\t<li>\r\n\t\t\t\t\t\t\t<span aria-hidden=\"true\" class=\"   icon-mailbox\"><\/span>\t\t\t\t\t\t\t ventas@jomtel.com\n\t\t\t\t\t\t<\/li>\r\n\t\t\t\t\t\t\t\t\t\t\t<li>\r\n\t\t\t\t\t\t\t<span aria-hidden=\"true\" class=\"  fas fa-map-marker-alt\"><\/span>\t\t\t\t\t\t\t Av. Ruiz Cortines 7B, Lomas de Atizap\u00e1n, Edo. Mex, 52977\n\t\t\t\t\t\t<\/li>\r\n\t\t\t\t\t\t\t\t\t<\/ul><!-- \/.icon-box -->\r\n\t\t\t\t<ul class=\"list-unstyled topbar__menu\">\r\n\t\t\t\t\t\t\t\t\t\t\t<li>\r\n\t\t\t\t\t\t\t<a class=\"\" href=\"https:\/\/jomtel.com\"  >SITIO WEB PRINCIPAL: <STRONG>WWW.JOMTEL.COM<\/STRONG><\/a>\t\t\t\t\t\t<\/li>\r\n\t\t\t\t\t\t\t\t\t<\/ul><!-- \/.list-menu -->\r\n\t\t\t\t\t\t\t\t\t<div class=\"topbar__social\">\r\n\t\t\t\t\t\t\t\t\t\t\t\t\t<a   href=\"#\">\r\n\t\t\t\t\t\t\t\t<i aria-hidden=\"true\" class=\"  fab fa-facebook-f\"><\/i>\t\t\t\t\t\t\t<\/a>\r\n\t\t\t\t\t\t\t\t\t\t\t<\/div><!-- \/.social-links -->\r\n\t\t\t\t\t\t\t<\/div>\r\n\t\t<\/div>\r\n\t<\/section><!-- \/.topbar-header -->\r\n\t<header class=\"main-header\">\r\n\t\t<nav class=\"main-menu main-menu-with-border\">\r\n\t\t\t<div class=\"container-fluid\">\r\n\t\t\t\t<div class=\"main-menu__logo\">\r\n\t\t\t\t\t<a href=\"https:\/\/jomtel.com\/Axon\/\">\r\n\t\t\t\t\t\t<img decoding=\"async\" width=\"181\" height=\"54\" src=\"https:\/\/jomtel.com\/Axon\/wp-content\/uploads\/2025\/12\/logo-axon-blanco-scaled.png\" alt=\"Jomtel - Axon\">\r\n\t\t\t\t\t<\/a>\r\n\t\t\t\t<\/div><!-- \/.main-menu__logo -->\r\n\t\t\t\t<div class=\"main-menu__nav\">\r\n\t\t\t\t\t<div class=\"menu-axon-container\"><ul id=\"menu-axon\" class=\"main-menu__list\"><li id=\"menu-item-1988\" class=\"menu-item menu-item-type-custom menu-item-object-custom menu-item-home megamenu-hide menu-item-1988\"><a href=\"https:\/\/jomtel.com\/Axon\/\">INICIO<\/a><\/li>\n<li id=\"menu-item-1902\" class=\"menu-item menu-item-type-custom menu-item-object-custom menu-item-has-children megamenu-hide menu-item-1902\"><a href=\"#\">BODY CAMS<\/a>\n<ul class=\"sub-menu\">\n\t<li id=\"menu-item-1911\" class=\"menu-item menu-item-type-post_type menu-item-object-page megamenu-hide menu-item-1911\"><a href=\"https:\/\/jomtel.com\/Axon\/body-3\/\">BODY 3<\/a><\/li>\n\t<li id=\"menu-item-1910\" class=\"menu-item menu-item-type-post_type menu-item-object-page megamenu-hide menu-item-1910\"><a href=\"https:\/\/jomtel.com\/Axon\/body-4\/\">BODY 4<\/a><\/li>\n<\/ul>\n<\/li>\n<li id=\"menu-item-1903\" class=\"menu-item menu-item-type-custom menu-item-object-custom menu-item-has-children megamenu-hide menu-item-1903\"><a href=\"#\">TASERS<\/a>\n<ul class=\"sub-menu\">\n\t<li id=\"menu-item-1909\" class=\"menu-item menu-item-type-post_type menu-item-object-page megamenu-hide menu-item-1909\"><a href=\"https:\/\/jomtel.com\/Axon\/taser-7\/\">TASER 7<\/a><\/li>\n\t<li id=\"menu-item-1908\" class=\"menu-item menu-item-type-post_type menu-item-object-page megamenu-hide menu-item-1908\"><a href=\"https:\/\/jomtel.com\/Axon\/taser-10\/\">TASER 10<\/a><\/li>\n<\/ul>\n<\/li>\n<li id=\"menu-item-1904\" class=\"menu-item menu-item-type-custom menu-item-object-custom menu-item-has-children megamenu-hide menu-item-1904\"><a href=\"#\">DRONES<\/a>\n<ul class=\"sub-menu\">\n\t<li id=\"menu-item-1907\" class=\"menu-item menu-item-type-post_type menu-item-object-page megamenu-hide menu-item-1907\"><a href=\"https:\/\/jomtel.com\/Axon\/fotokite\/\">FOTOKITE<\/a><\/li>\n<\/ul>\n<\/li>\n<li id=\"menu-item-1905\" class=\"menu-item menu-item-type-custom menu-item-object-custom menu-item-has-children megamenu-hide menu-item-1905\"><a href=\"#\">DEDRONE<\/a>\n<ul class=\"sub-menu\">\n\t<li id=\"menu-item-1991\" class=\"menu-item menu-item-type-post_type menu-item-object-page megamenu-hide menu-item-1991\"><a href=\"https:\/\/jomtel.com\/Axon\/dedrone-rapid-response\/\">DEDRONE RAPID RESPONSE<\/a><\/li>\n<\/ul>\n<\/li>\n<li id=\"menu-item-2083\" class=\"menu-item menu-item-type-custom menu-item-object-custom menu-item-has-children megamenu-hide menu-item-2083\"><a href=\"#\">SOFTWARE<\/a>\n<ul class=\"sub-menu\">\n\t<li id=\"menu-item-1906\" class=\"menu-item menu-item-type-post_type menu-item-object-page megamenu-hide menu-item-1906\"><a href=\"https:\/\/jomtel.com\/Axon\/evidence\/\">EVIDENCE<\/a><\/li>\n\t<li id=\"menu-item-2100\" class=\"menu-item menu-item-type-post_type menu-item-object-page megamenu-hide menu-item-2100\"><a href=\"https:\/\/jomtel.com\/Axon\/fusus\/\">FUSUS<\/a><\/li>\n<\/ul>\n<\/li>\n<li id=\"menu-item-2104\" class=\"menu-item menu-item-type-custom menu-item-object-custom megamenu-hide menu-item-2104\"><a href=\"https:\/\/jomtel.com\/\">JOMTEL.COM<\/a><\/li>\n<\/ul><\/div>\t\t\t\t<\/div><!-- \/.main-menu__nav -->\r\n\t\t\t\t<div class=\"main-menu__right\">\r\n\t\t\t\t\t<a href=\"#\" class=\"main-menu__toggler mobile-nav__toggler\">\r\n\t\t\t\t\t\t<i class=\"fa fa-bars\"><\/i>\r\n\t\t\t\t\t<\/a><!-- \/.mobile menu btn -->\r\n\r\n\t\t\t\t\t<a href=\"tel:+9236809850\" class=\"main-menu__phone\">\r\n\t\t\t\t\t\t<i aria-hidden=\"true\" class=\"  icon-telephone\"><\/i>\t\t\t\t\t\t55 8925 1112\t\t\t\t\t<\/a><!-- \/.phone-number -->\r\n\t\t\t\t\t\t\t\t\t\t\t<a href=\"#\" class=\"main-menu__search search-toggler\">\r\n\t\t\t\t\t\t\t<i class=\"icon-magnifying-glass\"><\/i>\r\n\t\t\t\t\t\t<\/a><!-- \/.search btn -->\r\n\t\t\t\t\t\t\t\t\t\t\t\t\t\t<\/div><!-- \/.main-menu__right -->\r\n\t\t\t<\/div><!-- \/.container -->\r\n\t\t<\/nav>\r\n\t\t<!-- \/.main-menu -->\r\n\t<\/header><!-- \/.main-header -->\r\n\t\t\t<div class=\"stricky-header stricked-menu main-menu main-menu-with-border\">\r\n\t\t\t<div class=\"sticky-header__content\"><\/div><!-- \/.sticky-header__content -->\r\n\t\t<\/div><!-- \/.stricky-header -->\r\n\t\r\n\r\n\r\n\r\n<div class=\"mobile-nav__wrapper\">\r\n\t<div class=\"mobile-nav__overlay mobile-nav__toggler\"><\/div>\r\n\t<!-- \/.mobile-nav__overlay -->\r\n\t<div class=\"mobile-nav__content\">\r\n\t\t<span class=\"mobile-nav__close mobile-nav__toggler\"><i class=\"fa fa-times\"><\/i><\/span>\r\n\r\n\t\t<div class=\"logo-box\">\r\n\t\t\t<a href=\"https:\/\/jomtel.com\/Axon\/\" aria-label=\"logo image\">\r\n\t\t\t\t<img decoding=\"async\" width=\"181\" height=\"54\" src=\"https:\/\/jomtel.com\/Axon\/wp-content\/plugins\/elementor\/assets\/images\/placeholder.png\" alt=\"Jomtel - Axon\" \/>\r\n\t\t\t<\/a>\r\n\t\t<\/div>\r\n\t\t<!-- \/.logo-box -->\r\n\t\t<div class=\"mobile-nav__container\"><\/div>\r\n\t\t<!-- \/.mobile-nav__container -->\r\n\t\t<ul class=\"mobile-nav__contact list-unstyled ml-0\">\r\n\t\t\t\t\t\t\t\t<\/ul><!-- \/.mobile-nav__contact -->\r\n\t\t<div class=\"mobile-nav__top\">\r\n\t\t\t<div class=\"mobile-nav__social\">\r\n\t\t\t\t\t\t\t\t\t<a href=\"#\" class=\"fab fa-facebook-f\"><\/a>\r\n\t\t\t\t\t\t\t<\/div><!-- \/.mobile-nav__social -->\r\n\t\t<\/div><!-- \/.mobile-nav__top -->\r\n\r\n\t<\/div>\r\n\t<!-- \/.mobile-nav__content -->\r\n<\/div>\r\n\r\n\r\n\r\n<div class=\"search-popup\">\r\n\t<div class=\"search-popup__overlay search-toggler\"><\/div>\r\n\t<!-- \/.search-popup__overlay -->\r\n\t<div class=\"search-popup__content\">\r\n\t\t<form role=\"search\" method=\"get\" class=\"search-popup__form\" action=\"https:\/\/jomtel.com\/Axon\/\">\r\n\t\t\t<input type=\"text\" id=\"search\" placeholder=\"Search Here...\" \/>\r\n\t\t\t<button type=\"submit\" aria-label=\"search submit\" class=\"nisoz-btn\">\r\n\t\t\t\t<span class=\"nisoz-btn__shape\"><\/span><span class=\"nisoz-btn__shape\"><\/span><span class=\"nisoz-btn__shape\"><\/span><span class=\"nisoz-btn__shape\"><\/span>\r\n\t\t\t\t<span class=\"nisoz-btn__text\"><i class=\"icon-magnifying-glass\"><\/i><\/span>\r\n\t\t\t<\/button>\r\n\t\t<\/form>\r\n\t<\/div>\r\n\t<!-- \/.search-popup__content -->\r\n<\/div>\r\n<!-- \/.search-popup -->\r\n\r\n\r\n\t<!-- back-to-top-start -->\r\n\t<a href=\"#\" class=\"scroll-top\">\r\n\t\t<svg class=\"scroll-top__circle\" width=\"100%\" height=\"100%\" viewBox=\"-1 -1 102 102\">\r\n\t\t\t<path d=\"M50,1 a49,49 0 0,1 0,98 a49,49 0 0,1 0,-98\" \/>\r\n\t\t<\/svg>\r\n\t<\/a>\r\n\t\t\t\t<\/div>\n\t\t\t\t<\/div>\n\t\t\t\t\t<\/div>\n\t\t<\/div>\n\t\t\t\t\t<\/div>\n\t\t<\/section>\n\t\t\t\t<section class=\"elementor-section elementor-top-section elementor-element elementor-element-20d922a9 elementor-section-full_width elementor-section-height-default elementor-section-height-default\" data-id=\"20d922a9\" data-element_type=\"section\">\n\t\t\t\t\t\t<div class=\"elementor-container elementor-column-gap-no\">\n\t\t\t\t\t<div class=\"elementor-column elementor-col-100 elementor-top-column elementor-element elementor-element-78af6e57\" data-id=\"78af6e57\" data-element_type=\"column\">\n\t\t\t<div class=\"elementor-widget-wrap elementor-element-populated\">\n\t\t\t\t\t\t<div class=\"elementor-element elementor-element-e9802a6 elementor-widget elementor-widget-image\" data-id=\"e9802a6\" data-element_type=\"widget\" data-widget_type=\"image.default\">\n\t\t\t\t\t\t\t\t\t\t\t\t\t\t\t<img fetchpriority=\"high\" decoding=\"async\" width=\"2560\" height=\"900\" src=\"https:\/\/jomtel.com\/Axon\/wp-content\/uploads\/2025\/12\/taser-7-h-FINAL.jpg\" class=\"attachment-full size-full wp-image-1912\" alt=\"\" srcset=\"https:\/\/jomtel.com\/Axon\/wp-content\/uploads\/2025\/12\/taser-7-h-FINAL.jpg 2560w, https:\/\/jomtel.com\/Axon\/wp-content\/uploads\/2025\/12\/taser-7-h-FINAL-300x105.jpg 300w, https:\/\/jomtel.com\/Axon\/wp-content\/uploads\/2025\/12\/taser-7-h-FINAL-1024x360.jpg 1024w, https:\/\/jomtel.com\/Axon\/wp-content\/uploads\/2025\/12\/taser-7-h-FINAL-768x270.jpg 768w, https:\/\/jomtel.com\/Axon\/wp-content\/uploads\/2025\/12\/taser-7-h-FINAL-1536x540.jpg 1536w, https:\/\/jomtel.com\/Axon\/wp-content\/uploads\/2025\/12\/taser-7-h-FINAL-2048x720.jpg 2048w, https:\/\/jomtel.com\/Axon\/wp-content\/uploads\/2025\/12\/taser-7-h-FINAL-570x200.jpg 570w\" sizes=\"(max-width: 2560px) 100vw, 2560px\" \/>\t\t\t\t\t\t\t\t\t\t\t\t\t\t\t<\/div>\n\t\t\t\t\t<\/div>\n\t\t<\/div>\n\t\t\t\t\t<\/div>\n\t\t<\/section>\n\t\t<div class=\"elementor-element elementor-element-519c0cc e-flex e-con-boxed e-con e-parent\" data-id=\"519c0cc\" data-element_type=\"container\" data-settings=\"{&quot;background_background&quot;:&quot;classic&quot;}\">\n\t\t\t\t\t<div class=\"e-con-inner\">\n\t\t<div class=\"elementor-element elementor-element-9be9bbd e-con-full e-flex e-con e-child\" data-id=\"9be9bbd\" data-element_type=\"container\">\n\t\t\t\t<div class=\"elementor-element elementor-element-009e91e elementor-widget elementor-widget-video\" data-id=\"009e91e\" data-element_type=\"widget\" data-settings=\"{&quot;video_type&quot;:&quot;vimeo&quot;,&quot;autoplay&quot;:&quot;yes&quot;,&quot;play_on_mobile&quot;:&quot;yes&quot;,&quot;mute&quot;:&quot;yes&quot;,&quot;loop&quot;:&quot;yes&quot;}\" data-widget_type=\"video.default\">\n\t\t\t\t\t\t\t<div class=\"elementor-wrapper elementor-open-inline\">\n\t\t\t<iframe class=\"elementor-video-iframe\" allowfullscreen allow=\"autoplay\" title=\"Reproductor de v\u00eddeo vimeo\" src=\"https:\/\/player.vimeo.com\/video\/803557362?autoplay=1&amp;playsinline=1&amp;color&amp;autopause=0&amp;loop=1&amp;muted=1&amp;title=1&amp;portrait=1&amp;byline=1#t=\"><\/iframe>\t\t<\/div>\n\t\t\t\t\t\t<\/div>\n\t\t\t\t<\/div>\n\t\t<div class=\"elementor-element elementor-element-d964722 e-con-full e-flex e-con e-child\" data-id=\"d964722\" data-element_type=\"container\">\n\t\t\t\t<div class=\"elementor-element elementor-element-69628c4 elementor-widget elementor-widget-heading\" data-id=\"69628c4\" data-element_type=\"widget\" data-widget_type=\"heading.default\">\n\t\t\t\t\t<h1 class=\"elementor-heading-title elementor-size-default\">AXON TASER 7<\/h1>\t\t\t\t<\/div>\n\t\t\t\t<div class=\"elementor-element elementor-element-afeaf91 elementor-widget elementor-widget-text-editor\" data-id=\"afeaf91\" data-element_type=\"widget\" data-widget_type=\"text-editor.default\">\n\t\t\t\t\t\t\t\t\t<p style=\"text-align: justify;\">Mejore sus t\u00e1cticas de desescalada y dote a los agentes de confianza en cada situaci\u00f3n.<\/p><p style=\"text-align: justify;\">TASER 7 ofrece capacidades de alejamiento y cuerpo a cuerpo, sondas mejoradas para una mejor conexi\u00f3n y proporciona una mayor integraci\u00f3n con la red Axon para optimizar los flujos de trabajo, el inventario y la gesti\u00f3n de pruebas.<\/p>\t\t\t\t\t\t\t\t<\/div>\n\t\t\t\t<div class=\"elementor-element elementor-element-51ccafa elementor-align-center elementor-widget elementor-widget-button\" data-id=\"51ccafa\" data-element_type=\"widget\" data-widget_type=\"button.default\">\n\t\t\t\t\t\t\t\t\t\t<a class=\"elementor-button elementor-button-link elementor-size-sm\" href=\"https:\/\/jomtel.com\/Axon\/wp-content\/uploads\/2025\/12\/TASER-7-QSG-EN_US.pdf\" target=\"_blank\">\n\t\t\t\t\t\t<span class=\"elementor-button-content-wrapper\">\n\t\t\t\t\t\t\t\t\t<span class=\"elementor-button-text\">DESCARGAR GU\u00cdA R\u00c1PIDA<\/span>\n\t\t\t\t\t<\/span>\n\t\t\t\t\t<\/a>\n\t\t\t\t\t\t\t\t<\/div>\n\t\t\t\t<\/div>\n\t\t\t\t\t<\/div>\n\t\t\t\t<\/div>\n\t\t<div class=\"elementor-element elementor-element-df640fe e-flex e-con-boxed e-con e-parent\" data-id=\"df640fe\" data-element_type=\"container\">\n\t\t\t\t\t<div class=\"e-con-inner\">\n\t\t\t\t<div class=\"elementor-element elementor-element-2e0a990 elementor-widget elementor-widget-spacer\" data-id=\"2e0a990\" data-element_type=\"widget\" data-widget_type=\"spacer.default\">\n\t\t\t\t\t\t\t<div class=\"elementor-spacer\">\n\t\t\t<div class=\"elementor-spacer-inner\"><\/div>\n\t\t<\/div>\n\t\t\t\t\t\t<\/div>\n\t\t\t\t<div class=\"elementor-element elementor-element-2cfdc2f elementor-widget elementor-widget-heading\" data-id=\"2cfdc2f\" data-element_type=\"widget\" data-widget_type=\"heading.default\">\n\t\t\t\t\t<h1 class=\"elementor-heading-title elementor-size-default\">CARACTER\u00cdSTICAS<\/h1>\t\t\t\t<\/div>\n\t\t\t\t<div class=\"elementor-element elementor-element-c87ea3d elementor-widget elementor-widget-nisoz-icon-box\" data-id=\"c87ea3d\" data-element_type=\"widget\" data-widget_type=\"nisoz-icon-box.default\">\n\t\t\t\t<div class=\"elementor-widget-container\">\n\t\t\t\t\t    <div class=\"row cus-row\">\r\n                    <div class=\"col-xl-3 col-lg-6 col-md-3\">\r\n                <div class=\"services-details__box text-center\">\r\n                    <div class=\"services-details__box__icon icon-svg-large\">\r\n                        <span aria-hidden=\"true\" class=\"   icon-trophy\"><\/span>                    <\/div>\r\n                    <h3 class=\"services-details__box__title\">CARTUCHOS MEJORADOS<\/h3>                <\/div>\r\n            <\/div>\r\n                    <div class=\"col-xl-3 col-lg-6 col-md-3\">\r\n                <div class=\"services-details__box text-center\">\r\n                    <div class=\"services-details__box__icon icon-svg-large\">\r\n                        <span aria-hidden=\"true\" class=\"   icon-campaign\"><\/span>                    <\/div>\r\n                    <h2 class=\"services-details__box__title services-details__box__title\">DARDOS CONEXI\u00d3N CRUZADA<\/h2>                <\/div>\r\n            <\/div>\r\n                    <div class=\"col-xl-3 col-lg-6 col-md-3\">\r\n                <div class=\"services-details__box text-center\">\r\n                    <div class=\"services-details__box__icon icon-svg-large\">\r\n                        <span aria-hidden=\"true\" class=\"   icon-design\"><\/span>                    <\/div>\r\n                    <h3 class=\"services-details__box__title services-details__box__title services-details__box__title\">ARCO VOLTAICO MEJORADO<\/h3>                <\/div>\r\n            <\/div>\r\n                    <div class=\"col-xl-3 col-lg-6 col-md-3\">\r\n                <div class=\"services-details__box text-center\">\r\n                    <div class=\"services-details__box__icon icon-svg-large\">\r\n                        <span aria-hidden=\"true\" class=\"   icon-monitor\"><\/span>                    <\/div>\r\n                    <h3 class=\"services-details__box__title services-details__box__title services-details__box__title services-details__box__title\">ARCO VOLTAICO M\u00c1S RAPIDO Y SONORO<\/h3>                <\/div>\r\n            <\/div>\r\n                    <div class=\"col-xl-3 col-lg-6 col-md-3\">\r\n                <div class=\"services-details__box text-center\">\r\n                    <div class=\"services-details__box__icon icon-svg-large\">\r\n                        <span aria-hidden=\"true\" class=\"   icon-maps-and-flags\"><\/span>                    <\/div>\r\n                    <h3 class=\"services-details__box__title services-details__box__title services-details__box__title services-details__box__title services-details__box__title\">MEMORIA INTERNA ENCRIPTADA<\/h3>                <\/div>\r\n            <\/div>\r\n                    <div class=\"col-xl-3 col-lg-6 col-md-3\">\r\n                <div class=\"services-details__box text-center\">\r\n                    <div class=\"services-details__box__icon icon-svg-large\">\r\n                        <span aria-hidden=\"true\" class=\"   icon-checking\"><\/span>                    <\/div>\r\n                    <h3 class=\"services-details__box__title services-details__box__title services-details__box__title services-details__box__title services-details__box__title services-details__box__title\">Doble l\u00e1ser y luz led de 210 lm.<\/h3>                <\/div>\r\n            <\/div>\r\n                    <div class=\"col-xl-3 col-lg-6 col-md-3\">\r\n                <div class=\"services-details__box text-center\">\r\n                    <div class=\"services-details__box__icon icon-svg-large\">\r\n                        <span aria-hidden=\"true\" class=\"   icon-growth\"><\/span>                    <\/div>\r\n                    <h3 class=\"services-details__box__title services-details__box__title services-details__box__title services-details__box__title services-details__box__title services-details__box__title services-details__box__title\">Bater\u00eda recargable<\/h3>                <\/div>\r\n            <\/div>\r\n                    <div class=\"col-xl-3 col-lg-6 col-md-3\">\r\n                <div class=\"services-details__box text-center\">\r\n                    <div class=\"services-details__box__icon icon-svg-large\">\r\n                        <span aria-hidden=\"true\" class=\"   icon-project-management\"><\/span>                    <\/div>\r\n                    <h3 class=\"services-details__box__title services-details__box__title services-details__box__title services-details__box__title services-details__box__title services-details__box__title services-details__box__title services-details__box__title\">Activaci\u00f3n autom\u00e1tica de c\u00e1maras<\/h3>                <\/div>\r\n            <\/div>\r\n            <\/div>\r\n\t\t\t\t<\/div>\n\t\t\t\t<\/div>\n\t\t\t\t<div class=\"elementor-element elementor-element-e49e5e5 elementor-widget elementor-widget-shortcode\" data-id=\"e49e5e5\" data-element_type=\"widget\" data-widget_type=\"shortcode.default\">\n\t\t\t\t\t\t\t<div class=\"elementor-shortcode\"><div class=\"sketchfab-embed-wrapper\"> <iframe title=\"TASER 7 by Axon\" frameborder=\"0\" allowfullscreen mozallowfullscreen=\"true\" webkitallowfullscreen=\"true\" allow=\"autoplay; fullscreen; xr-spatial-tracking\" xr-spatial-tracking execution-while-out-of-viewport execution-while-not-rendered web-share width=\"640\" height=\"480\" src=\"https:\/\/sketchfab.com\/models\/b709fa0d6e7e4767bf16b1778bfde8f3\/embed\"> <\/iframe> <p style=\"font-size: 13px; font-weight: normal; margin: 5px; color: #4A4A4A;\"> <a href=\"https:\/\/sketchfab.com\/3d-models\/taser-7-by-axon-b709fa0d6e7e4767bf16b1778bfde8f3?utm_medium=embed&utm_campaign=share-popup&utm_content=b709fa0d6e7e4767bf16b1778bfde8f3\" target=\"_blank\" rel=\"nofollow\" style=\"font-weight: bold; color: #1CAAD9;\"> TASER 7 by Axon <\/a> by <a href=\"https:\/\/sketchfab.com\/axon1?utm_medium=embed&utm_campaign=share-popup&utm_content=b709fa0d6e7e4767bf16b1778bfde8f3\" target=\"_blank\" rel=\"nofollow\" style=\"font-weight: bold; color: #1CAAD9;\"> Axon Enterprise, Inc. <\/a> on <a href=\"https:\/\/sketchfab.com?utm_medium=embed&utm_campaign=share-popup&utm_content=b709fa0d6e7e4767bf16b1778bfde8f3\" target=\"_blank\" rel=\"nofollow\" style=\"font-weight: bold; color: #1CAAD9;\">Sketchfab<\/a><\/p><\/div><\/div>\n\t\t\t\t\t\t<\/div>\n\t\t\t\t\t<\/div>\n\t\t\t\t<\/div>\n\t\t\t\t<section class=\"elementor-section elementor-top-section elementor-element elementor-element-a874756 elementor-section-full_width elementor-section-height-default elementor-section-height-default\" data-id=\"a874756\" data-element_type=\"section\">\n\t\t\t\t\t\t<div class=\"elementor-container elementor-column-gap-no\">\n\t\t\t\t\t<div class=\"elementor-column elementor-col-100 elementor-top-column elementor-element elementor-element-8885514\" data-id=\"8885514\" data-element_type=\"column\">\n\t\t\t<div class=\"elementor-widget-wrap elementor-element-populated\">\n\t\t\t\t\t\t<div class=\"elementor-element elementor-element-798336b elementor-widget elementor-widget-nisoz-call-to-action\" data-id=\"798336b\" data-element_type=\"widget\" data-widget_type=\"nisoz-call-to-action.default\">\n\t\t\t\t<div class=\"elementor-widget-container\">\n\t\t\t\t\t    <!-- Call To Action Start -->\r\n    <section class=\"cta-two\">\r\n        <div class=\"container\">\r\n            <div class=\"cta-two__info-top wow fadeInUp\" data-wow-delay=\"200ms\">\r\n                <div class=\"cta-two__bg\" style=\"background-image: url(http:\/\/bracketweb.com\/nisozwp\/wp-content\/uploads\/2023\/08\/cta-bg-2.png);\"><\/div>\r\n                <div class=\"section-title\">\r\n                    <h2 class=\"section-title__title\">Jomtel Telecomunicaciones<br> distribuidor oficial en m\u00e9xico<\/h2>                <\/div><!-- section-title -->\r\n                <a href=\"http:\/\/contact\" class=\"cta-two__icon\">\r\n                    <span aria-hidden=\"true\" class=\"  icon-long-arrow\"><\/span>                <\/a>\r\n            <\/div>\r\n            <h5 class=\"cta-two__info-bottom wow fadeInDown\" data-wow-delay=\"300ms\">\r\n                para ventas y cotizaciones v\u00eda whatsapp <a href=\"http:\/\/+52%201%2055%201850%208281\">+52 55 1850 8281<\/a>\r\n            <\/h5>\r\n        <\/div>\r\n    <\/section>\r\n    <!-- Call To Action End -->\r\n\t\t\t\t<\/div>\n\t\t\t\t<\/div>\n\t\t\t\t\t<\/div>\n\t\t<\/div>\n\t\t\t\t\t<\/div>\n\t\t<\/section>\n\t\t\t\t<section class=\"elementor-section elementor-top-section elementor-element elementor-element-4bb70e84 elementor-section-full_width elementor-section-height-default elementor-section-height-default\" data-id=\"4bb70e84\" data-element_type=\"section\">\n\t\t\t\t\t\t<div class=\"elementor-container elementor-column-gap-no\">\n\t\t\t\t\t<div class=\"elementor-column elementor-col-100 elementor-top-column elementor-element elementor-element-4a94f0a8\" data-id=\"4a94f0a8\" data-element_type=\"column\">\n\t\t\t<div class=\"elementor-widget-wrap elementor-element-populated\">\n\t\t\t\t\t\t<div class=\"elementor-element elementor-element-222e93a4 elementor-widget elementor-widget-nisoz-google-maps\" data-id=\"222e93a4\" data-element_type=\"widget\" data-widget_type=\"nisoz-google-maps.default\">\n\t\t\t\t<div class=\"elementor-widget-container\">\n\t\t\t\t\t\t\t<!--Google Map Two Start-->\r\n\t<section class=\"google-map\">\r\n\t\t<iframe src=\"https:\/\/maps.google.com\/maps?q=Av.%20Adolfo%20Ruiz%20Cortines%207B%2C%20Lomas%20de%20Atizapan%2C%2052977%20Cdad.%20L%C3%B3pez%20Mateos%2C%20M%C3%A9x.&#038;t=m&#038;z=10&#038;output=embed&#038;iwloc=near\" title=\"Av. Adolfo Ruiz Cortines 7B, Lomas de Atizapan, 52977 Cdad. L\u00f3pez Mateos, M\u00e9x.\" class=\"google-map__one\" aria-label=\"Av. Adolfo Ruiz Cortines 7B, Lomas de Atizapan, 52977 Cdad. L\u00f3pez Mateos, M\u00e9x.\" allowfullscreen><\/iframe>\r\n\t<\/section>\r\n\t<!--Google Map Two End-->\r\n\r\n\t\t\t\t<\/div>\n\t\t\t\t<\/div>\n\t\t\t\t\t<\/div>\n\t\t<\/div>\n\t\t\t\t\t<\/div>\n\t\t<\/section>\n\t\t\t\t<\/div>\n\t\t","protected":false},"excerpt":{"rendered":"<p>ventas@jomtel.com Av. Ruiz Cortines 7B, Lomas de Atizap\u00e1n, Edo. Mex, 52977 SITIO WEB PRINCIPAL: WWW.JOMTEL.COM INICIO BODY CAMS BODY 3 BODY 4 TASERS TASER 7 TASER 10 DRONES FOTOKITE DEDRONE DEDRONE RAPID RESPONSE EVIDENCE 55 8925 1112 https:\/\/vimeo.com\/803557362?fl=pl&#038;fe=cm#t=10s AXON TASER 7 Mejore sus t\u00e1cticas de desescalada y dote a los agentes de confianza en cada [&hellip;]<\/p>\n","protected":false},"author":1,"featured_media":0,"parent":0,"menu_order":0,"comment_status":"closed","ping_status":"closed","template":"elementor_header_footer","meta":{"_monsterinsights_skip_tracking":false,"_monsterinsights_sitenote_active":false,"_monsterinsights_sitenote_note":"","_monsterinsights_sitenote_category":0,"footnotes":""},"class_list":["post-1837","page","type-page","status-publish","hentry"],"aioseo_notices":[],"_links":{"self":[{"href":"https:\/\/jomtel.com\/Axon\/wp-json\/wp\/v2\/pages\/1837","targetHints":{"allow":["GET"]}}],"collection":[{"href":"https:\/\/jomtel.com\/Axon\/wp-json\/wp\/v2\/pages"}],"about":[{"href":"https:\/\/jomtel.com\/Axon\/wp-json\/wp\/v2\/types\/page"}],"author":[{"embeddable":true,"href":"https:\/\/jomtel.com\/Axon\/wp-json\/wp\/v2\/users\/1"}],"replies":[{"embeddable":true,"href":"https:\/\/jomtel.com\/Axon\/wp-json\/wp\/v2\/comments?post=1837"}],"version-history":[{"count":22,"href":"https:\/\/jomtel.com\/Axon\/wp-json\/wp\/v2\/pages\/1837\/revisions"}],"predecessor-version":[{"id":2023,"href":"https:\/\/jomtel.com\/Axon\/wp-json\/wp\/v2\/pages\/1837\/revisions\/2023"}],"wp:attachment":[{"href":"https:\/\/jomtel.com\/Axon\/wp-json\/wp\/v2\/media?parent=1837"}],"curies":[{"name":"wp","href":"https:\/\/api.w.org\/{rel}","templated":true}]}}